{"id":2832,"date":"2026-01-05T11:24:52","date_gmt":"2026-01-05T11:24:52","guid":{"rendered":"https:\/\/ks-workflowstudio.com\/?page_id=2832"},"modified":"2026-03-20T10:34:55","modified_gmt":"2026-03-20T10:34:55","slug":"impressum","status":"publish","type":"page","link":"https:\/\/ks-workflowstudio.com\/en\/impressum\/","title":{"rendered":"Imprint"},"content":{"rendered":"<p>Gesetzliche Anbieterkennung:<\/p>\n\n\n\n<p>Benjamin Steinbach KS Workflow Studio Malvenweg 7 90768 F\u00fcrth Deutschland<\/p>\n\n\n\n<p>Telefon: +491784785868 E-Mail:&nbsp;<a href=\"mailto:info@ks-workflowstudio.com\">info@ks-workflowstudio.com<\/a>&nbsp;WhatsApp, Tidio Chat, Instagram, LinkedIn<\/p>\n\n\n\n<p>Inhaltlich Verantwortlicher gem\u00e4\u00df \u00a7 18 Abs. 2 MStV:<\/p>\n\n\n\n<p>Herr Benjamin Steinbach Malvenweg 7 90768 F\u00fcrth Deutschland<\/p>\n\n\n\n<p>Zust\u00e4ndige Aufsichtsbeh\u00f6rde f\u00fcr audiovisuelle Mediendienste:<\/p>\n\n\n\n<p>Bayerische Landeszentrale f\u00fcr neue Medien (BLM) Heinrich-L\u00fcbke-Str. 27 81737 M\u00fcnchen Internet:&nbsp;<a href=\"https:\/\/www.blm.de\/\">https:\/\/www.blm.de\/<\/a><\/p>\n\n\n\n<p>Kontaktstelle gem\u00e4\u00df Verordnung (EU) 2021\/784 des Europ\u00e4ischen Parlaments und des Rates: E-Mail:&nbsp;<a href=\"mailto:info@ks-workflowstudio.com\">info@ks-workflowstudio.com<\/a>&nbsp;Eine Kontaktaufnahme ist in folgenden Sprachen m\u00f6glich: Deutsch, Englisch<\/p>\n\n\n\n<p>Kontaktstelle f\u00fcr Nutzer und Beh\u00f6rden gem\u00e4\u00df Verordnung (EU) 2022\/2065 des Europ\u00e4ischen Parlaments und des Rates: E-Mail:&nbsp;<a href=\"mailto:info@ks-workflowstudio.com\">info@ks-workflowstudio.com<\/a>&nbsp;Eine Kontaktaufnahme ist in folgenden Sprachen m\u00f6glich: Deutsch, Englisch<\/p>\n\n\n\n<p>Aufgrund des Kleinunternehmerstatus wird in der Rechnung keine MwSt. ausgewiesen (umsatzsteuerfrei gem. \u00a7 19 Abs. 1 UStG).<\/p>\n\n\n\n<p>Verbraucherstreitbeilegung: Wir sind nicht bereit oder verpflichtet, an Streitbeilegungsverfahren vor einer Verbraucherschlichtungsstelle teilzunehmen.<\/p>\n\n\n\n<p><\/p>\n\n\n\n<p><\/p>\n\n\n\n<p><\/p>","protected":false},"excerpt":{"rendered":"<p>Gesetzliche Anbieterkennung: Benjamin Steinbach KS Workflow Studio Malvenweg 7 90768 F\u00fcrth Deutschland Telefon: +491784785868 E-Mail:&nbsp;info@ks-workflowstudio.com&nbsp;WhatsApp, Tidio Chat, Instagram, LinkedIn Inhaltlich Verantwortlicher gem\u00e4\u00df \u00a7 18 Abs. 2 MStV: Herr Benjamin Steinbach Malvenweg 7 90768 F\u00fcrth Deutschland Zust\u00e4ndige Aufsichtsbeh\u00f6rde f\u00fcr audiovisuelle Mediendienste: Bayerische Landeszentrale f\u00fcr neue Medien (BLM) Heinrich-L\u00fcbke-Str. 27 81737 M\u00fcnchen Internet:&nbsp;https:\/\/www.blm.de\/ Kontaktstelle gem\u00e4\u00df Verordnung (EU) [&hellip;]<\/p>\n","protected":false},"author":3,"featured_media":0,"parent":0,"menu_order":0,"comment_status":"closed","ping_status":"closed","template":"","meta":{"footnotes":""},"class_list":["post-2832","page","type-page","status-publish","hentry"],"blocksy_meta":[],"yoast_head":"<!-- This site is optimized with the Yoast SEO plugin v27.4 - https:\/\/yoast.com\/product\/yoast-seo-wordpress\/ -->\n<title>Impressum - KS Workflow Studio<\/title>\n<meta name=\"robots\" content=\"index, follow, max-snippet:-1, max-image-preview:large, max-video-preview:-1\" \/>\n<link rel=\"canonical\" href=\"https:\/\/ks-workflowstudio.com\/en\/impressum\/\" \/>\n<meta property=\"og:locale\" content=\"en_US\" \/>\n<meta property=\"og:type\" content=\"article\" \/>\n<meta property=\"og:title\" content=\"Impressum - KS Workflow Studio\" \/>\n<meta property=\"og:description\" content=\"Gesetzliche Anbieterkennung: Benjamin Steinbach KS Workflow Studio Malvenweg 7 90768 F\u00fcrth Deutschland Telefon: +491784785868 E-Mail:&nbsp;info@ks-workflowstudio.com&nbsp;WhatsApp, Tidio Chat, Instagram, LinkedIn Inhaltlich Verantwortlicher gem\u00e4\u00df \u00a7 18 Abs. 2 MStV: Herr Benjamin Steinbach Malvenweg 7 90768 F\u00fcrth Deutschland Zust\u00e4ndige Aufsichtsbeh\u00f6rde f\u00fcr audiovisuelle Mediendienste: Bayerische Landeszentrale f\u00fcr neue Medien (BLM) Heinrich-L\u00fcbke-Str. 27 81737 M\u00fcnchen Internet:&nbsp;https:\/\/www.blm.de\/ Kontaktstelle gem\u00e4\u00df Verordnung (EU) [&hellip;]\" \/>\n<meta property=\"og:url\" content=\"https:\/\/ks-workflowstudio.com\/en\/impressum\/\" \/>\n<meta property=\"og:site_name\" content=\"KS Workflow Studio\" \/>\n<meta property=\"article:publisher\" content=\"https:\/\/www.facebook.com\/profile.php?id=61588593578824\" \/>\n<meta property=\"article:modified_time\" content=\"2026-03-20T10:34:55+00:00\" \/>\n<meta property=\"og:image\" content=\"https:\/\/ks-workflowstudio.com\/wp-content\/uploads\/2025\/12\/Logo-Transparent-KS-Workflow-Studio-e1765797882622.png\" \/>\n\t<meta property=\"og:image:width\" content=\"1158\" \/>\n\t<meta property=\"og:image:height\" content=\"420\" \/>\n\t<meta property=\"og:image:type\" content=\"image\/png\" \/>\n<meta name=\"twitter:card\" content=\"summary_large_image\" \/>\n<meta name=\"twitter:label1\" content=\"Est. reading time\" \/>\n\t<meta name=\"twitter:data1\" content=\"1 minute\" \/>\n<script type=\"application\/ld+json\" class=\"yoast-schema-graph\">{\"@context\":\"https:\\\/\\\/schema.org\",\"@graph\":[{\"@type\":\"WebPage\",\"@id\":\"https:\\\/\\\/ks-workflowstudio.com\\\/impressum\\\/\",\"url\":\"https:\\\/\\\/ks-workflowstudio.com\\\/impressum\\\/\",\"name\":\"Impressum - KS Workflow Studio\",\"isPartOf\":{\"@id\":\"https:\\\/\\\/ks-workflowstudio.com\\\/#website\"},\"datePublished\":\"2026-01-05T11:24:52+00:00\",\"dateModified\":\"2026-03-20T10:34:55+00:00\",\"breadcrumb\":{\"@id\":\"https:\\\/\\\/ks-workflowstudio.com\\\/impressum\\\/#breadcrumb\"},\"inLanguage\":\"en-US\",\"potentialAction\":[{\"@type\":\"ReadAction\",\"target\":[\"https:\\\/\\\/ks-workflowstudio.com\\\/impressum\\\/\"]}]},{\"@type\":\"BreadcrumbList\",\"@id\":\"https:\\\/\\\/ks-workflowstudio.com\\\/impressum\\\/#breadcrumb\",\"itemListElement\":[{\"@type\":\"ListItem\",\"position\":1,\"name\":\"Start\",\"item\":\"https:\\\/\\\/ks-workflowstudio.com\\\/\"},{\"@type\":\"ListItem\",\"position\":2,\"name\":\"Impressum\"}]},{\"@type\":\"WebSite\",\"@id\":\"https:\\\/\\\/ks-workflowstudio.com\\\/#website\",\"url\":\"https:\\\/\\\/ks-workflowstudio.com\\\/\",\"name\":\"KS Workflow Studio\",\"description\":\"KI-Beratung, Digitalisierung &amp; Automatisierung f\u00fcr KMU\",\"publisher\":{\"@id\":\"https:\\\/\\\/ks-workflowstudio.com\\\/#organization\"},\"potentialAction\":[{\"@type\":\"SearchAction\",\"target\":{\"@type\":\"EntryPoint\",\"urlTemplate\":\"https:\\\/\\\/ks-workflowstudio.com\\\/?s={search_term_string}\"},\"query-input\":{\"@type\":\"PropertyValueSpecification\",\"valueRequired\":true,\"valueName\":\"search_term_string\"}}],\"inLanguage\":\"en-US\"},{\"@type\":\"Organization\",\"@id\":\"https:\\\/\\\/ks-workflowstudio.com\\\/#organization\",\"name\":\"KS Workflow Stduio\",\"url\":\"https:\\\/\\\/ks-workflowstudio.com\\\/\",\"logo\":{\"@type\":\"ImageObject\",\"inLanguage\":\"en-US\",\"@id\":\"https:\\\/\\\/ks-workflowstudio.com\\\/#\\\/schema\\\/logo\\\/image\\\/\",\"url\":\"https:\\\/\\\/ks-workflowstudio.com\\\/wp-content\\\/uploads\\\/2025\\\/12\\\/1.png\",\"contentUrl\":\"https:\\\/\\\/ks-workflowstudio.com\\\/wp-content\\\/uploads\\\/2025\\\/12\\\/1.png\",\"width\":800,\"height\":400,\"caption\":\"KS Workflow Stduio\"},\"image\":{\"@id\":\"https:\\\/\\\/ks-workflowstudio.com\\\/#\\\/schema\\\/logo\\\/image\\\/\"},\"sameAs\":[\"https:\\\/\\\/www.facebook.com\\\/profile.php?id=61588593578824\",\"https:\\\/\\\/www.linkedin.com\\\/company\\\/ks-workflow-studio\\\/?viewAsMember=true\",\"https:\\\/\\\/www.instagram.com\\\/ks_workflow_studio\\\/\"]}]}<\/script>\n<!-- \/ Yoast SEO plugin. -->","yoast_head_json":{"title":"Impressum - KS Workflow Studio","robots":{"index":"index","follow":"follow","max-snippet":"max-snippet:-1","max-image-preview":"max-image-preview:large","max-video-preview":"max-video-preview:-1"},"canonical":"https:\/\/ks-workflowstudio.com\/en\/impressum\/","og_locale":"en_US","og_type":"article","og_title":"Impressum - KS Workflow Studio","og_description":"Gesetzliche Anbieterkennung: Benjamin Steinbach KS Workflow Studio Malvenweg 7 90768 F\u00fcrth Deutschland Telefon: +491784785868 E-Mail:&nbsp;info@ks-workflowstudio.com&nbsp;WhatsApp, Tidio Chat, Instagram, LinkedIn Inhaltlich Verantwortlicher gem\u00e4\u00df \u00a7 18 Abs. 2 MStV: Herr Benjamin Steinbach Malvenweg 7 90768 F\u00fcrth Deutschland Zust\u00e4ndige Aufsichtsbeh\u00f6rde f\u00fcr audiovisuelle Mediendienste: Bayerische Landeszentrale f\u00fcr neue Medien (BLM) Heinrich-L\u00fcbke-Str. 27 81737 M\u00fcnchen Internet:&nbsp;https:\/\/www.blm.de\/ Kontaktstelle gem\u00e4\u00df Verordnung (EU) [&hellip;]","og_url":"https:\/\/ks-workflowstudio.com\/en\/impressum\/","og_site_name":"KS Workflow Studio","article_publisher":"https:\/\/www.facebook.com\/profile.php?id=61588593578824","article_modified_time":"2026-03-20T10:34:55+00:00","og_image":[{"width":1158,"height":420,"url":"https:\/\/ks-workflowstudio.com\/wp-content\/uploads\/2025\/12\/Logo-Transparent-KS-Workflow-Studio-e1765797882622.png","type":"image\/png"}],"twitter_card":"summary_large_image","twitter_misc":{"Est. reading time":"1 minute"},"schema":{"@context":"https:\/\/schema.org","@graph":[{"@type":"WebPage","@id":"https:\/\/ks-workflowstudio.com\/impressum\/","url":"https:\/\/ks-workflowstudio.com\/impressum\/","name":"Impressum - KS Workflow Studio","isPartOf":{"@id":"https:\/\/ks-workflowstudio.com\/#website"},"datePublished":"2026-01-05T11:24:52+00:00","dateModified":"2026-03-20T10:34:55+00:00","breadcrumb":{"@id":"https:\/\/ks-workflowstudio.com\/impressum\/#breadcrumb"},"inLanguage":"en-US","potentialAction":[{"@type":"ReadAction","target":["https:\/\/ks-workflowstudio.com\/impressum\/"]}]},{"@type":"BreadcrumbList","@id":"https:\/\/ks-workflowstudio.com\/impressum\/#breadcrumb","itemListElement":[{"@type":"ListItem","position":1,"name":"Start","item":"https:\/\/ks-workflowstudio.com\/"},{"@type":"ListItem","position":2,"name":"Impressum"}]},{"@type":"WebSite","@id":"https:\/\/ks-workflowstudio.com\/#website","url":"https:\/\/ks-workflowstudio.com\/","name":"KS Workflow Studio","description":"KI-Beratung, Digitalisierung &amp; Automatisierung f\u00fcr KMU","publisher":{"@id":"https:\/\/ks-workflowstudio.com\/#organization"},"potentialAction":[{"@type":"SearchAction","target":{"@type":"EntryPoint","urlTemplate":"https:\/\/ks-workflowstudio.com\/?s={search_term_string}"},"query-input":{"@type":"PropertyValueSpecification","valueRequired":true,"valueName":"search_term_string"}}],"inLanguage":"en-US"},{"@type":"Organization","@id":"https:\/\/ks-workflowstudio.com\/#organization","name":"KS Workflow Stduio","url":"https:\/\/ks-workflowstudio.com\/","logo":{"@type":"ImageObject","inLanguage":"en-US","@id":"https:\/\/ks-workflowstudio.com\/#\/schema\/logo\/image\/","url":"https:\/\/ks-workflowstudio.com\/wp-content\/uploads\/2025\/12\/1.png","contentUrl":"https:\/\/ks-workflowstudio.com\/wp-content\/uploads\/2025\/12\/1.png","width":800,"height":400,"caption":"KS Workflow Stduio"},"image":{"@id":"https:\/\/ks-workflowstudio.com\/#\/schema\/logo\/image\/"},"sameAs":["https:\/\/www.facebook.com\/profile.php?id=61588593578824","https:\/\/www.linkedin.com\/company\/ks-workflow-studio\/?viewAsMember=true","https:\/\/www.instagram.com\/ks_workflow_studio\/"]}]}},"_links":{"self":[{"href":"https:\/\/ks-workflowstudio.com\/en\/wp-json\/wp\/v2\/pages\/2832","targetHints":{"allow":["GET"]}}],"collection":[{"href":"https:\/\/ks-workflowstudio.com\/en\/wp-json\/wp\/v2\/pages"}],"about":[{"href":"https:\/\/ks-workflowstudio.com\/en\/wp-json\/wp\/v2\/types\/page"}],"author":[{"embeddable":true,"href":"https:\/\/ks-workflowstudio.com\/en\/wp-json\/wp\/v2\/users\/3"}],"replies":[{"embeddable":true,"href":"https:\/\/ks-workflowstudio.com\/en\/wp-json\/wp\/v2\/comments?post=2832"}],"version-history":[{"count":77,"href":"https:\/\/ks-workflowstudio.com\/en\/wp-json\/wp\/v2\/pages\/2832\/revisions"}],"predecessor-version":[{"id":3575,"href":"https:\/\/ks-workflowstudio.com\/en\/wp-json\/wp\/v2\/pages\/2832\/revisions\/3575"}],"wp:attachment":[{"href":"https:\/\/ks-workflowstudio.com\/en\/wp-json\/wp\/v2\/media?parent=2832"}],"curies":[{"name":"wp","href":"https:\/\/api.w.org\/{rel}","templated":true}]}}